{"id":1335,"date":"2022-01-17T14:49:53","date_gmt":"2022-01-17T13:49:53","guid":{"rendered":"https:\/\/ratscheinerhof.it\/impressum-2\/"},"modified":"2022-01-17T14:49:53","modified_gmt":"2022-01-17T13:49:53","slug":"impressum","status":"publish","type":"page","link":"https:\/\/ratscheinerhof.it\/en\/impressum\/","title":{"rendered":"Impressum"},"content":{"rendered":"[vc_row type=&#8221;in_container&#8221; full_screen_row_position=&#8221;middle&#8221; column_margin=&#8221;default&#8221; column_direction=&#8221;default&#8221; column_direction_tablet=&#8221;default&#8221; column_direction_phone=&#8221;default&#8221; scene_position=&#8221;center&#8221; top_padding=&#8221;3%&#8221; bottom_padding=&#8221;3%&#8221; text_color=&#8221;dark&#8221; text_align=&#8221;left&#8221; row_border_radius=&#8221;none&#8221; row_border_radius_applies=&#8221;bg&#8221; overflow=&#8221;visible&#8221; advanced_gradient_angle=&#8221;0&#8243; overlay_strength=&#8221;0.3&#8243; gradient_direction=&#8221;left_to_right&#8221; shape_divider_position=&#8221;bottom&#8221; bg_image_animation=&#8221;none&#8221; gradient_type=&#8221;default&#8221; shape_type=&#8221;&#8221;][vc_column column_padding=&#8221;no-extra-padding&#8221; column_padding_tablet=&#8221;inherit&#8221; column_padding_phone=&#8221;inherit&#8221; column_padding_position=&#8221;all&#8221; column_element_direction_desktop=&#8221;default&#8221; column_element_spacing=&#8221;default&#8221; desktop_text_alignment=&#8221;default&#8221; tablet_text_alignment=&#8221;default&#8221; phone_text_alignment=&#8221;default&#8221; background_color_opacity=&#8221;1&#8243; background_hover_color_opacity=&#8221;1&#8243; column_backdrop_filter=&#8221;none&#8221; column_shadow=&#8221;none&#8221; column_border_radius=&#8221;none&#8221; column_link_target=&#8221;_self&#8221; column_position=&#8221;default&#8221; gradient_direction=&#8221;left_to_right&#8221; overlay_strength=&#8221;0.3&#8243; width=&#8221;1\/1&#8243; tablet_width_inherit=&#8221;default&#8221; animation_type=&#8221;default&#8221; bg_image_animation=&#8221;none&#8221; border_type=&#8221;simple&#8221; column_border_width=&#8221;none&#8221; column_border_style=&#8221;solid&#8221;][vc_column_text]\n<h3>IMPRESSUM<\/h3>\n<p><strong>Eigent\u00fcmer der Webseite<br \/>\n<\/strong>Alois und Liane Obrist<br \/>\nRATSCHEINERHOF<br \/>\nLatzfons, Runggen 17<br \/>\n39043 KLAUSEN (BZ)<br \/>\nS\u00fcdtirol . Italien<br \/>\nE-Mail:\u00a0<a href=\"mailto:info@ratscheinerhof.com\">info@ratscheinerhof.it<\/a><br \/>\nTel. +39 333 330 47 63<\/p>\n<p>MwSt.Nr. 01616040216<br \/>\nStr.Nr. BRSLSA66L04B160Q<\/p>\n<p><strong>Webdesign und Programmierung<\/strong><br \/>\n<a href=\"https:\/\/fahrner.it\" target=\"_blank\" rel=\"noopener\">fahrner | web . grafik \u2013 www.fahrner.it<\/a><\/p>\n<p><strong>Bildnachweis<\/strong><\/p>\n<ul>\n<li>Lukas Fahrner<\/li>\n<li>Rene Gruber\n<ul>\n<li>Barbianer Wasserfall<\/li>\n<li>Winter Klausen<\/li>\n<li>Latzfons<\/li>\n<\/ul>\n<\/li>\n<li>Helmuth Rier<\/li>\n<li>IDM S\u00fcdtirol\/Harald Wisthaler<\/li>\n<li>Roter Rucksack<\/li>\n<li>Helmuth Schranzhofer<\/li>\n<li>Tobias Kaser Photography<\/li>\n<li>Peter Schatzer<\/li>\n<\/ul>\n<p>&nbsp;<\/p>\n<p><strong>Haftungsausschl\u00fcsse<\/strong><br \/>\nWir bem\u00fchen uns, auf dieser Website richtige und vollst\u00e4ndige Informationen zur Verf\u00fcgung zu stellen. Wir \u00fcbernehmen jedoch keine Haftung oder Garantie f\u00fcr die Aktualit\u00e4t, Richtigkeit und Vollst\u00e4ndigkeit der bereitgestellten Informationen. Wir behalten uns das Recht vor, ohne vorherige Ank\u00fcndigung \u00c4nderungen oder Erg\u00e4nzungen der bereitgestellten Informationen vorzunehmen. Verbindlich ist das jeweilige Angebot bzw. die Buchungsbest\u00e4tigung. F\u00fcr Inhalte externer Links \u00fcbernehmen wir, trotz sorgf\u00e4ltiger inhaltlicher Kontrolle, keine Haftung. F\u00fcr den Inhalt der verlinkten Seiten sind ausschlie\u00dflich deren Betreiber verantwortlich.<\/p>\n<p><strong>Wichtige Hinweise<br \/>\n<\/strong>Die im Rahmen dieser Internetpr\u00e4senz gelieferten Informationen sind in allen ihren Teilen urheberrechtlich gesch\u00fctzt. Die Verwendung und Verwertung ist ausschlie\u00dflich zum pers\u00f6nlichen Gebrauch erlaubt. Jede weitere Verwertung bedarf der schriftlichen Zustimmung des Betreibers. Dies betrifft insbesondere Vervielf\u00e4ltigungen, \u00dcbersetzungen, Mikroverfilmungen, Einspeicherung und Verbreitung in elektronischen Systemen.<\/p>\n<p><strong>Pflichtinformation nach EU-Verordnung Nr. 524\/2013 des Europ\u00e4ischen Parlaments und Rats<\/strong><br \/>\nPlattform zur Online-Beilegung verbraucherrechtlicher Streitigkeiten (ODR) der Europ\u00e4ischen Kommission: <a href=\"https:\/\/ec.europa.eu\/consumers\/odr\/main\/index.cfm?event=main.home2.show&amp;lng=DE\" target=\"_blank\" rel=\"noopener\">http:\/\/ec.europa.eu\/consumers\/odr\/<\/a>[\/vc_column_text][\/vc_column][\/vc_row]\n","protected":false},"excerpt":{"rendered":"<p>[vc_row type=&#8221;in_container&#8221; full_screen_row_position=&#8221;middle&#8221; column_margin=&#8221;default&#8221; column_direction=&#8221;default&#8221; column_direction_tablet=&#8221;default&#8221; column_direction_phone=&#8221;default&#8221; scene_position=&#8221;center&#8221; top_padding=&#8221;3%&#8221; bottom_padding=&#8221;3%&#8221; text_color=&#8221;dark&#8221; text_align=&#8221;left&#8221; row_border_radius=&#8221;none&#8221; row_border_radius_applies=&#8221;bg&#8221; overflow=&#8221;visible&#8221; advanced_gradient_angle=&#8221;0&#8243; overlay_strength=&#8221;0.3&#8243; gradient_direction=&#8221;left_to_right&#8221; shape_divider_position=&#8221;bottom&#8221; bg_image_animation=&#8221;none&#8221; gradient_type=&#8221;default&#8221; shape_type=&#8221;&#8221;][vc_column column_padding=&#8221;no-extra-padding&#8221; column_padding_tablet=&#8221;inherit&#8221; column_padding_phone=&#8221;inherit&#8221; column_padding_position=&#8221;all&#8221; column_element_direction_desktop=&#8221;default&#8221; column_element_spacing=&#8221;default&#8221; desktop_text_alignment=&#8221;default&#8221; tablet_text_alignment=&#8221;default&#8221;&#8230;<\/p>\n","protected":false},"author":1,"featured_media":0,"parent":0,"menu_order":98,"comment_status":"closed","ping_status":"closed","template":"","meta":{"footnotes":""},"class_list":["post-1335","page","type-page","status-publish"],"yoast_head":"<!-- This site is optimized with the Yoast SEO plugin v27.3 - https:\/\/yoast.com\/product\/yoast-seo-wordpress\/ -->\n<title>Impressum - Ratscheinerhof - Urlaub auf dem Bauernhof<\/title>\n<meta name=\"robots\" content=\"index, follow, max-snippet:-1, max-image-preview:large, max-video-preview:-1\" \/>\n<link rel=\"canonical\" href=\"https:\/\/ratscheinerhof.it\/en\/impressum\/\" \/>\n<meta property=\"og:locale\" content=\"en_US\" \/>\n<meta property=\"og:type\" content=\"article\" \/>\n<meta property=\"og:title\" content=\"Impressum - Ratscheinerhof - Urlaub auf dem Bauernhof\" \/>\n<meta property=\"og:description\" content=\"[vc_row type=&#8221;in_container&#8221; full_screen_row_position=&#8221;middle&#8221; column_margin=&#8221;default&#8221; column_direction=&#8221;default&#8221; column_direction_tablet=&#8221;default&#8221; column_direction_phone=&#8221;default&#8221; scene_position=&#8221;center&#8221; top_padding=&#8221;3%&#8221; bottom_padding=&#8221;3%&#8221; text_color=&#8221;dark&#8221; text_align=&#8221;left&#8221; row_border_radius=&#8221;none&#8221; row_border_radius_applies=&#8221;bg&#8221; overflow=&#8221;visible&#8221; advanced_gradient_angle=&#8221;0&#8243; overlay_strength=&#8221;0.3&#8243; gradient_direction=&#8221;left_to_right&#8221; shape_divider_position=&#8221;bottom&#8221; bg_image_animation=&#8221;none&#8221; gradient_type=&#8221;default&#8221; shape_type=&#8221;&#8221;][vc_column column_padding=&#8221;no-extra-padding&#8221; column_padding_tablet=&#8221;inherit&#8221; column_padding_phone=&#8221;inherit&#8221; column_padding_position=&#8221;all&#8221; column_element_direction_desktop=&#8221;default&#8221; column_element_spacing=&#8221;default&#8221; desktop_text_alignment=&#8221;default&#8221; tablet_text_alignment=&#8221;default&#8221;...\" \/>\n<meta property=\"og:url\" content=\"https:\/\/ratscheinerhof.it\/en\/impressum\/\" \/>\n<meta property=\"og:site_name\" content=\"Ratscheinerhof - Urlaub auf dem Bauernhof\" \/>\n<meta property=\"article:publisher\" content=\"https:\/\/www.facebook.com\/profile.php?id=100083575111405\" \/>\n<meta property=\"og:image\" content=\"https:\/\/ratscheinerhof.it\/wordpress\/wp-content\/uploads\/2022\/07\/UKrOxPNWEmzi9TAx_peb2xfLMvdtE9PVVipq6soCwKc.jpg\" \/>\n\t<meta property=\"og:image:width\" content=\"1519\" \/>\n\t<meta property=\"og:image:height\" content=\"1014\" \/>\n\t<meta property=\"og:image:type\" content=\"image\/jpeg\" \/>\n<meta name=\"twitter:label1\" content=\"Est. reading time\" \/>\n\t<meta name=\"twitter:data1\" content=\"2 minutes\" \/>\n<script type=\"application\/ld+json\" class=\"yoast-schema-graph\">{\"@context\":\"https:\\\/\\\/schema.org\",\"@graph\":[{\"@type\":\"WebPage\",\"@id\":\"https:\\\/\\\/ratscheinerhof.it\\\/en\\\/impressum\\\/\",\"url\":\"https:\\\/\\\/ratscheinerhof.it\\\/en\\\/impressum\\\/\",\"name\":\"Impressum - Ratscheinerhof - Urlaub auf dem Bauernhof\",\"isPartOf\":{\"@id\":\"https:\\\/\\\/ratscheinerhof.it\\\/#website\"},\"datePublished\":\"2022-01-17T13:49:53+00:00\",\"breadcrumb\":{\"@id\":\"https:\\\/\\\/ratscheinerhof.it\\\/en\\\/impressum\\\/#breadcrumb\"},\"inLanguage\":\"en-US\",\"potentialAction\":[{\"@type\":\"ReadAction\",\"target\":[\"https:\\\/\\\/ratscheinerhof.it\\\/en\\\/impressum\\\/\"]}]},{\"@type\":\"BreadcrumbList\",\"@id\":\"https:\\\/\\\/ratscheinerhof.it\\\/en\\\/impressum\\\/#breadcrumb\",\"itemListElement\":[{\"@type\":\"ListItem\",\"position\":1,\"name\":\"Start\",\"item\":\"https:\\\/\\\/ratscheinerhof.it\\\/en\\\/\"},{\"@type\":\"ListItem\",\"position\":2,\"name\":\"Impressum\"}]},{\"@type\":\"WebSite\",\"@id\":\"https:\\\/\\\/ratscheinerhof.it\\\/#website\",\"url\":\"https:\\\/\\\/ratscheinerhof.it\\\/\",\"name\":\"Ratscheinerhof - Urlaub auf dem Bauernhof\",\"description\":\"Urlaub am Ratscheinerhof\",\"publisher\":{\"@id\":\"https:\\\/\\\/ratscheinerhof.it\\\/#organization\"},\"potentialAction\":[{\"@type\":\"SearchAction\",\"target\":{\"@type\":\"EntryPoint\",\"urlTemplate\":\"https:\\\/\\\/ratscheinerhof.it\\\/?s={search_term_string}\"},\"query-input\":{\"@type\":\"PropertyValueSpecification\",\"valueRequired\":true,\"valueName\":\"search_term_string\"}}],\"inLanguage\":\"en-US\"},{\"@type\":\"Organization\",\"@id\":\"https:\\\/\\\/ratscheinerhof.it\\\/#organization\",\"name\":\"Ratscheinerhof - Urlaub auf dem Bauernhof\",\"url\":\"https:\\\/\\\/ratscheinerhof.it\\\/\",\"logo\":{\"@type\":\"ImageObject\",\"inLanguage\":\"en-US\",\"@id\":\"https:\\\/\\\/ratscheinerhof.it\\\/#\\\/schema\\\/logo\\\/image\\\/\",\"url\":\"https:\\\/\\\/ratscheinerhof.it\\\/wordpress\\\/wp-content\\\/uploads\\\/2022\\\/01\\\/Ratscheinerhof-Logo-2x.png\",\"contentUrl\":\"https:\\\/\\\/ratscheinerhof.it\\\/wordpress\\\/wp-content\\\/uploads\\\/2022\\\/01\\\/Ratscheinerhof-Logo-2x.png\",\"width\":800,\"height\":260,\"caption\":\"Ratscheinerhof - Urlaub auf dem Bauernhof\"},\"image\":{\"@id\":\"https:\\\/\\\/ratscheinerhof.it\\\/#\\\/schema\\\/logo\\\/image\\\/\"},\"sameAs\":[\"https:\\\/\\\/www.facebook.com\\\/profile.php?id=100083575111405\",\"https:\\\/\\\/www.instagram.com\\\/ratscheinerhof_\\\/\"]}]}<\/script>\n<!-- \/ Yoast SEO plugin. -->","yoast_head_json":{"title":"Impressum - Ratscheinerhof - Urlaub auf dem Bauernhof","robots":{"index":"index","follow":"follow","max-snippet":"max-snippet:-1","max-image-preview":"max-image-preview:large","max-video-preview":"max-video-preview:-1"},"canonical":"https:\/\/ratscheinerhof.it\/en\/impressum\/","og_locale":"en_US","og_type":"article","og_title":"Impressum - Ratscheinerhof - Urlaub auf dem Bauernhof","og_description":"[vc_row type=&#8221;in_container&#8221; full_screen_row_position=&#8221;middle&#8221; column_margin=&#8221;default&#8221; column_direction=&#8221;default&#8221; column_direction_tablet=&#8221;default&#8221; column_direction_phone=&#8221;default&#8221; scene_position=&#8221;center&#8221; top_padding=&#8221;3%&#8221; bottom_padding=&#8221;3%&#8221; text_color=&#8221;dark&#8221; text_align=&#8221;left&#8221; row_border_radius=&#8221;none&#8221; row_border_radius_applies=&#8221;bg&#8221; overflow=&#8221;visible&#8221; advanced_gradient_angle=&#8221;0&#8243; overlay_strength=&#8221;0.3&#8243; gradient_direction=&#8221;left_to_right&#8221; shape_divider_position=&#8221;bottom&#8221; bg_image_animation=&#8221;none&#8221; gradient_type=&#8221;default&#8221; shape_type=&#8221;&#8221;][vc_column column_padding=&#8221;no-extra-padding&#8221; column_padding_tablet=&#8221;inherit&#8221; column_padding_phone=&#8221;inherit&#8221; column_padding_position=&#8221;all&#8221; column_element_direction_desktop=&#8221;default&#8221; column_element_spacing=&#8221;default&#8221; desktop_text_alignment=&#8221;default&#8221; tablet_text_alignment=&#8221;default&#8221;...","og_url":"https:\/\/ratscheinerhof.it\/en\/impressum\/","og_site_name":"Ratscheinerhof - Urlaub auf dem Bauernhof","article_publisher":"https:\/\/www.facebook.com\/profile.php?id=100083575111405","og_image":[{"width":1519,"height":1014,"url":"https:\/\/ratscheinerhof.it\/wordpress\/wp-content\/uploads\/2022\/07\/UKrOxPNWEmzi9TAx_peb2xfLMvdtE9PVVipq6soCwKc.jpg","type":"image\/jpeg"}],"twitter_misc":{"Est. reading time":"2 minutes"},"schema":{"@context":"https:\/\/schema.org","@graph":[{"@type":"WebPage","@id":"https:\/\/ratscheinerhof.it\/en\/impressum\/","url":"https:\/\/ratscheinerhof.it\/en\/impressum\/","name":"Impressum - Ratscheinerhof - Urlaub auf dem Bauernhof","isPartOf":{"@id":"https:\/\/ratscheinerhof.it\/#website"},"datePublished":"2022-01-17T13:49:53+00:00","breadcrumb":{"@id":"https:\/\/ratscheinerhof.it\/en\/impressum\/#breadcrumb"},"inLanguage":"en-US","potentialAction":[{"@type":"ReadAction","target":["https:\/\/ratscheinerhof.it\/en\/impressum\/"]}]},{"@type":"BreadcrumbList","@id":"https:\/\/ratscheinerhof.it\/en\/impressum\/#breadcrumb","itemListElement":[{"@type":"ListItem","position":1,"name":"Start","item":"https:\/\/ratscheinerhof.it\/en\/"},{"@type":"ListItem","position":2,"name":"Impressum"}]},{"@type":"WebSite","@id":"https:\/\/ratscheinerhof.it\/#website","url":"https:\/\/ratscheinerhof.it\/","name":"Ratscheinerhof - Urlaub auf dem Bauernhof","description":"Urlaub am Ratscheinerhof","publisher":{"@id":"https:\/\/ratscheinerhof.it\/#organization"},"potentialAction":[{"@type":"SearchAction","target":{"@type":"EntryPoint","urlTemplate":"https:\/\/ratscheinerhof.it\/?s={search_term_string}"},"query-input":{"@type":"PropertyValueSpecification","valueRequired":true,"valueName":"search_term_string"}}],"inLanguage":"en-US"},{"@type":"Organization","@id":"https:\/\/ratscheinerhof.it\/#organization","name":"Ratscheinerhof - Urlaub auf dem Bauernhof","url":"https:\/\/ratscheinerhof.it\/","logo":{"@type":"ImageObject","inLanguage":"en-US","@id":"https:\/\/ratscheinerhof.it\/#\/schema\/logo\/image\/","url":"https:\/\/ratscheinerhof.it\/wordpress\/wp-content\/uploads\/2022\/01\/Ratscheinerhof-Logo-2x.png","contentUrl":"https:\/\/ratscheinerhof.it\/wordpress\/wp-content\/uploads\/2022\/01\/Ratscheinerhof-Logo-2x.png","width":800,"height":260,"caption":"Ratscheinerhof - Urlaub auf dem Bauernhof"},"image":{"@id":"https:\/\/ratscheinerhof.it\/#\/schema\/logo\/image\/"},"sameAs":["https:\/\/www.facebook.com\/profile.php?id=100083575111405","https:\/\/www.instagram.com\/ratscheinerhof_\/"]}]}},"_links":{"self":[{"href":"https:\/\/ratscheinerhof.it\/en\/wp-json\/wp\/v2\/pages\/1335","targetHints":{"allow":["GET"]}}],"collection":[{"href":"https:\/\/ratscheinerhof.it\/en\/wp-json\/wp\/v2\/pages"}],"about":[{"href":"https:\/\/ratscheinerhof.it\/en\/wp-json\/wp\/v2\/types\/page"}],"author":[{"embeddable":true,"href":"https:\/\/ratscheinerhof.it\/en\/wp-json\/wp\/v2\/users\/1"}],"replies":[{"embeddable":true,"href":"https:\/\/ratscheinerhof.it\/en\/wp-json\/wp\/v2\/comments?post=1335"}],"version-history":[{"count":0,"href":"https:\/\/ratscheinerhof.it\/en\/wp-json\/wp\/v2\/pages\/1335\/revisions"}],"wp:attachment":[{"href":"https:\/\/ratscheinerhof.it\/en\/wp-json\/wp\/v2\/media?parent=1335"}],"curies":[{"name":"wp","href":"https:\/\/api.w.org\/{rel}","templated":true}]}}